{"id":596,"date":"2021-06-09T14:17:58","date_gmt":"2021-06-09T18:17:58","guid":{"rendered":"https:\/\/www.rainbowraingutters.net\/?page_id=596"},"modified":"2026-02-16T17:14:19","modified_gmt":"2026-02-16T22:14:19","slug":"quote-form","status":"publish","type":"page","link":"https:\/\/www.rainbowraingutters.net\/es\/quote-form\/","title":{"rendered":"Cotizaci\u00f3n en L\u00ednea"},"content":{"rendered":"<p>[et_pb_section fb_built=&#8221;1&#8243; _builder_version=&#8221;4.16&#8243; _module_preset=&#8221;default&#8221; background_image=&#8221;https:\/\/www.rainbowraingutters.net\/wp-content\/uploads\/2021\/09\/Miami_home_1920_2.jpg&#8221; parallax=&#8221;on&#8221; global_colors_info=&#8221;{}&#8221;][et_pb_row _builder_version=&#8221;4.16&#8243; _module_preset=&#8221;default&#8221; background_color=&#8221;rgba(255,255,255,0.8)&#8221; width=&#8221;60%&#8221; width_tablet=&#8221;80%&#8221; width_phone=&#8221;90%&#8221; width_last_edited=&#8221;on|phone&#8221; module_alignment=&#8221;center&#8221; custom_padding=&#8221;20px|40px|20px|40px|true|true&#8221; border_radii=&#8221;on|10px|10px|10px|10px&#8221; box_shadow_style=&#8221;preset1&#8243; global_colors_info=&#8221;{}&#8221;][et_pb_column type=&#8221;4_4&#8243; _builder_version=&#8221;4.16&#8243; _module_preset=&#8221;default&#8221; global_colors_info=&#8221;{}&#8221;][et_pb_blurb title=&#8221;Quote Form&#8221; use_icon=&#8221;on&#8221; font_icon=&#8221;&#x6c;||divi||400&#8243; icon_color=&#8221;#FFEF00&#8243; image_icon_background_color=&#8221;#0066b1&#8243; image_icon_width=&#8221;48px&#8221; content_max_width=&#8221;100%&#8221; _builder_version=&#8221;4.16&#8243; _module_preset=&#8221;default&#8221; header_level=&#8221;h1&#8243; header_font=&#8221;Roboto Condensed|700||on|||||&#8221; header_font_size=&#8221;42px&#8221; header_letter_spacing=&#8221;2px&#8221; header_line_height=&#8221;1.1em&#8221; body_font=&#8221;|600|||||||&#8221; body_text_align=&#8221;center&#8221; body_font_size=&#8221;19px&#8221; body_letter_spacing=&#8221;1px&#8221; image_icon_custom_padding=&#8221;25px|25px|25px|25px|false|false&#8221; text_orientation=&#8221;center&#8221; custom_padding=&#8221;||30px||false|false&#8221; header_text_shadow_style=&#8221;preset1&#8243; border_radii_image=&#8221;on|100%|100%|100%|100%&#8221; border_width_all_image=&#8221;3px&#8221; border_color_all_image=&#8221;#FFEF00&#8243; use_circle=&#8221;on&#8221; use_circle_border=&#8221;on&#8221; circle_border_color=&#8221;#FFEF00&#8243; global_colors_info=&#8221;{}&#8221; image_icon_background_color__sticky_enabled=&#8221;#0066b1&#8243; image_icon_background_color__sticky=&#8221;#0066b1&#8243;]<\/p>\n<p>Online Quote form with the data needed to process your request. Leave us your information below and we will be contacting you as soon as possible.<\/p>\n<p>[\/et_pb_blurb][et_pb_contact_form use_spam_service=&#8221;on&#8221; recaptcha_list=&#8221;rainbowrainguttersV3|rainbowrainguttersV3-0&#8243; email=&#8221;clearsky@rainbowraingutters.net&#8221; custom_message=&#8221;Quote Form||et_pb_line_break_holder||||et_pb_line_break_holder||Name: %%FName%%||et_pb_line_break_holder||Phone: %%FPhone%%||et_pb_line_break_holder||Email: %%FEmail%%||et_pb_line_break_holder||Prefered Lang: %%FLang%%||et_pb_line_break_holder||Address: %%FAddress%%, %%FCity%%. FL %%FZip%%||et_pb_line_break_holder||Property Type: %%FType%% Story: %%FStory%%||et_pb_line_break_holder||Existing gutters: %%FExist%%||et_pb_line_break_holder||Service: %%FService%%||et_pb_line_break_holder||Referrals: %%FRef%%||et_pb_line_break_holder||Comments: %%FMessage%%&#8221; use_redirect=&#8221;on&#8221; redirect_url=&#8221;\/quote-form\/quote-form-received&#8221; success_message=&#8221;Thanks for Contacting Us&#8221; submit_button_text=&#8221;Send&#8221; _builder_version=&#8221;4.27.5&#8243; _module_preset=&#8221;default&#8221; _unique_id=&#8221;8d6f028a-bc13-4f51-b945-0ec4a07cedcd&#8221; custom_button=&#8221;on&#8221; button_text_size=&#8221;21px&#8221; button_text_color=&#8221;#0066B1&#8243; button_border_width=&#8221;4px&#8221; button_border_color=&#8221;#0066B1&#8243; button_letter_spacing=&#8221;1px&#8221; button_font=&#8221;|600||||on|||&#8221; button_icon=&#8221;&#xe010;||divi||400&#8243; hover_enabled=&#8221;0&#8243; global_colors_info=&#8221;{}&#8221; button_text_color__hover_enabled=&#8221;on|desktop&#8221; button_text_color__hover=&#8221;#f7f7f7&#8243; button_bg_color__hover_enabled=&#8221;on|hover&#8221; button_bg_color__hover=&#8221;#0066B1&#8243; button_bg_enable_color__hover=&#8221;on&#8221; sticky_enabled=&#8221;0&#8243;][et_pb_contact_field field_id=&#8221;FName&#8221; field_title=&#8221;Full Name*&#8221; _builder_version=&#8221;4.16&#8243; form_field_focus_background_color=&#8221;#FFFFFF&#8221; form_field_focus_text_color=&#8221;#000000&#8243; form_field_font=&#8221;|600|||||||&#8221; text_orientation=&#8221;left&#8221; border_width_bottom=&#8221;2px&#8221; global_colors_info=&#8221;{}&#8221; button_text_size__hover_enabled=&#8221;off&#8221; button_one_text_size__hover_enabled=&#8221;off&#8221; button_two_text_size__hover_enabled=&#8221;off&#8221; button_text_color__hover_enabled=&#8221;off&#8221; button_one_text_color__hover_enabled=&#8221;off&#8221; button_two_text_color__hover_enabled=&#8221;off&#8221; button_border_width__hover_enabled=&#8221;off&#8221; button_one_border_width__hover_enabled=&#8221;off&#8221; button_two_border_width__hover_enabled=&#8221;off&#8221; button_border_color__hover_enabled=&#8221;off&#8221; button_one_border_color__hover_enabled=&#8221;off&#8221; button_two_border_color__hover_enabled=&#8221;off&#8221; button_border_radius__hover_enabled=&#8221;off&#8221; button_one_border_radius__hover_enabled=&#8221;off&#8221; button_two_border_radius__hover_enabled=&#8221;off&#8221; button_letter_spacing__hover_enabled=&#8221;off&#8221; button_one_letter_spacing__hover_enabled=&#8221;off&#8221; button_two_letter_spacing__hover_enabled=&#8221;off&#8221; button_bg_color__hover_enabled=&#8221;off&#8221; button_one_bg_color__hover_enabled=&#8221;off&#8221; button_two_bg_color__hover_enabled=&#8221;off&#8221;][\/et_pb_contact_field][et_pb_contact_field field_id=&#8221;FPhone&#8221; field_title=&#8221;Phone*&#8221; allowed_symbols=&#8221;numbers&#8221; _builder_version=&#8221;4.16&#8243; _module_preset=&#8221;default&#8221; form_field_focus_background_color=&#8221;#FFFFFF&#8221; form_field_focus_text_color=&#8221;#000000&#8243; form_field_font=&#8221;|600|||||||&#8221; text_orientation=&#8221;left&#8221; border_width_bottom=&#8221;2px&#8221; global_colors_info=&#8221;{}&#8221;][\/et_pb_contact_field][et_pb_contact_field field_id=&#8221;FEmail&#8221; field_title=&#8221;Email Address*&#8221; field_type=&#8221;email&#8221; _builder_version=&#8221;4.16&#8243; form_field_focus_background_color=&#8221;#FFFFFF&#8221; form_field_focus_text_color=&#8221;#000000&#8243; form_field_font=&#8221;|600|||||||&#8221; text_orientation=&#8221;left&#8221; border_width_bottom=&#8221;2px&#8221; global_colors_info=&#8221;{}&#8221; button_text_size__hover_enabled=&#8221;off&#8221; button_one_text_size__hover_enabled=&#8221;off&#8221; button_two_text_size__hover_enabled=&#8221;off&#8221; button_text_color__hover_enabled=&#8221;off&#8221; button_one_text_color__hover_enabled=&#8221;off&#8221; button_two_text_color__hover_enabled=&#8221;off&#8221; button_border_width__hover_enabled=&#8221;off&#8221; button_one_border_width__hover_enabled=&#8221;off&#8221; button_two_border_width__hover_enabled=&#8221;off&#8221; button_border_color__hover_enabled=&#8221;off&#8221; button_one_border_color__hover_enabled=&#8221;off&#8221; button_two_border_color__hover_enabled=&#8221;off&#8221; button_border_radius__hover_enabled=&#8221;off&#8221; button_one_border_radius__hover_enabled=&#8221;off&#8221; button_two_border_radius__hover_enabled=&#8221;off&#8221; button_letter_spacing__hover_enabled=&#8221;off&#8221; button_one_letter_spacing__hover_enabled=&#8221;off&#8221; button_two_letter_spacing__hover_enabled=&#8221;off&#8221; button_bg_color__hover_enabled=&#8221;off&#8221; button_one_bg_color__hover_enabled=&#8221;off&#8221; button_two_bg_color__hover_enabled=&#8221;off&#8221;][\/et_pb_contact_field][et_pb_contact_field field_id=&#8221;FLang&#8221; field_title=&#8221;Prefered Language*&#8221; field_type=&#8221;select&#8221; select_options=&#8221;%91{%22value%22:%22English%22,%22checked%22:0,%22dragID%22:-1},{%22value%22:%22Spanish%22,%22checked%22:0,%22dragID%22:0},{%22value%22:%22Both%22,%22checked%22:0,%22dragID%22:1}%93&#8243; _builder_version=&#8221;4.16&#8243; _module_preset=&#8221;default&#8221; form_field_focus_background_color=&#8221;#FFFFFF&#8221; form_field_focus_text_color=&#8221;#000000&#8243; form_field_font=&#8221;|600|||||||&#8221; text_orientation=&#8221;left&#8221; border_width_bottom=&#8221;2px&#8221; global_colors_info=&#8221;{}&#8221;][\/et_pb_contact_field][et_pb_contact_field field_id=&#8221;FAddress&#8221; field_title=&#8221;Address*&#8221; fullwidth_field=&#8221;on&#8221; _builder_version=&#8221;4.16&#8243; _module_preset=&#8221;default&#8221; form_field_focus_background_color=&#8221;#FFFFFF&#8221; form_field_focus_text_color=&#8221;#000000&#8243; form_field_font=&#8221;|600|||||||&#8221; text_orientation=&#8221;left&#8221; border_width_bottom=&#8221;2px&#8221; global_colors_info=&#8221;{}&#8221;][\/et_pb_contact_field][et_pb_contact_field field_id=&#8221;FCity&#8221; field_title=&#8221;City*&#8221; allowed_symbols=&#8221;letters&#8221; _builder_version=&#8221;4.16&#8243; _module_preset=&#8221;default&#8221; form_field_focus_background_color=&#8221;#FFFFFF&#8221; form_field_focus_text_color=&#8221;#000000&#8243; form_field_font=&#8221;|600|||||||&#8221; text_orientation=&#8221;left&#8221; border_width_bottom=&#8221;2px&#8221; global_colors_info=&#8221;{}&#8221;][\/et_pb_contact_field][et_pb_contact_field field_id=&#8221;FZip&#8221; field_title=&#8221;Zipcode*&#8221; allowed_symbols=&#8221;numbers&#8221; _builder_version=&#8221;4.16&#8243; _module_preset=&#8221;default&#8221; form_field_focus_background_color=&#8221;#FFFFFF&#8221; form_field_focus_text_color=&#8221;#000000&#8243; form_field_font=&#8221;|600|||||||&#8221; text_orientation=&#8221;left&#8221; border_width_bottom=&#8221;2px&#8221; global_colors_info=&#8221;{}&#8221;][\/et_pb_contact_field][et_pb_contact_field field_id=&#8221;FType&#8221; field_title=&#8221;Property Type*&#8221; field_type=&#8221;select&#8221; select_options=&#8221;%91{%22value%22:%22Residential%22,%22checked%22:0,%22dragID%22:-1},{%22value%22:%22Commercial%22,%22checked%22:0,%22dragID%22:0}%93&#8243; _builder_version=&#8221;4.16&#8243; _module_preset=&#8221;default&#8221; form_field_focus_background_color=&#8221;#FFFFFF&#8221; form_field_focus_text_color=&#8221;#000000&#8243; form_field_font=&#8221;|600|||||||&#8221; text_orientation=&#8221;left&#8221; border_width_bottom=&#8221;2px&#8221; global_colors_info=&#8221;{}&#8221;][\/et_pb_contact_field][et_pb_contact_field field_id=&#8221;FStory&#8221; field_title=&#8221;Number of floors in the building*&#8221; field_type=&#8221;select&#8221; select_options=&#8221;%91{%22value%22:%221%22,%22checked%22:0,%22dragID%22:-1},{%22value%22:%222%22,%22checked%22:0,%22dragID%22:0},{%22value%22:%223+%22,%22checked%22:0,%22dragID%22:1}%93&#8243; _builder_version=&#8221;4.16&#8243; _module_preset=&#8221;default&#8221; form_field_focus_background_color=&#8221;#FFFFFF&#8221; form_field_focus_text_color=&#8221;#000000&#8243; form_field_font=&#8221;|600|||||||&#8221; text_orientation=&#8221;left&#8221; border_width_bottom=&#8221;2px&#8221; global_colors_info=&#8221;{}&#8221;][\/et_pb_contact_field][et_pb_contact_field field_id=&#8221;FExist&#8221; field_title=&#8221;Existing Gutters?*&#8221; field_type=&#8221;radio&#8221; radio_options=&#8221;%91{%22value%22:%22Yes%22,%22checked%22:0,%22dragID%22:-1},{%22value%22:%22No%22,%22checked%22:0,%22dragID%22:0}%93&#8243; _builder_version=&#8221;4.16&#8243; _module_preset=&#8221;default&#8221; form_field_focus_background_color=&#8221;#FFFFFF&#8221; form_field_focus_text_color=&#8221;#000000&#8243; form_field_font=&#8221;|600|||||||&#8221; text_orientation=&#8221;left&#8221; border_width_bottom=&#8221;2px&#8221; global_colors_info=&#8221;{}&#8221;][\/et_pb_contact_field][et_pb_contact_field field_id=&#8221;FService&#8221; field_title=&#8221;What service do you need?*&#8221; field_type=&#8221;checkbox&#8221; checkbox_options=&#8221;%91{%22value%22:%22New Gutters%22,%22checked%22:0,%22dragID%22:-1,%22link_url%22:%22%22,%22link_text%22:%22%22},{%22value%22:%22Add Gutters%22,%22checked%22:0,%22dragID%22:0,%22link_url%22:%22%22,%22link_text%22:%22%22},{%22value%22:%22Clean and Maintenance%22,%22checked%22:0,%22dragID%22:1,%22link_url%22:%22%22,%22link_text%22:%22%22},{%22value%22:%22Repair%22,%22checked%22:0,%22dragID%22:2,%22link_url%22:%22%22,%22link_text%22:%22%22}%93&#8243; _builder_version=&#8221;4.16&#8243; _module_preset=&#8221;default&#8221; form_field_focus_background_color=&#8221;#FFFFFF&#8221; form_field_focus_text_color=&#8221;#000000&#8243; form_field_font=&#8221;|600|||||||&#8221; text_orientation=&#8221;left&#8221; border_width_bottom=&#8221;2px&#8221; global_colors_info=&#8221;{}&#8221;][\/et_pb_contact_field][et_pb_contact_field field_id=&#8221;FRef&#8221; field_title=&#8221;How did you know about us?&#8221; field_type=&#8221;select&#8221; select_options=&#8221;%91{%22value%22:%22Recommended%22,%22checked%22:0,%22dragID%22:5},{%22value%22:%22Google%22,%22checked%22:0,%22dragID%22:-1},{%22value%22:%22Facebook or Instagram%22,%22checked%22:0,%22dragID%22:0},{%22value%22:%22Internet Ads%22,%22checked%22:0,%22dragID%22:1},{%22value%22:%22Gmail%22,%22checked%22:0,%22dragID%22:2},{%22value%22:%22Youtube%22,%22checked%22:0,%22dragID%22:3},{%22value%22:%22Posters, flyers, banners%22,%22checked%22:0,%22dragID%22:4}%93&#8243; required_mark=&#8221;off&#8221; fullwidth_field=&#8221;on&#8221; _builder_version=&#8221;4.16&#8243; _module_preset=&#8221;default&#8221; form_field_focus_background_color=&#8221;#FFFFFF&#8221; form_field_focus_text_color=&#8221;#000000&#8243; form_field_font=&#8221;|600|||||||&#8221; text_orientation=&#8221;left&#8221; border_width_bottom=&#8221;2px&#8221; global_colors_info=&#8221;{}&#8221;][\/et_pb_contact_field][et_pb_contact_field field_id=&#8221;FMessage&#8221; field_title=&#8221;Comments&#8221; field_type=&#8221;text&#8221; required_mark=&#8221;off&#8221; fullwidth_field=&#8221;on&#8221; _builder_version=&#8221;4.16&#8243; form_field_focus_background_color=&#8221;#FFFFFF&#8221; form_field_focus_text_color=&#8221;#000000&#8243; form_field_font=&#8221;|600|||||||&#8221; text_orientation=&#8221;left&#8221; border_width_bottom=&#8221;2px&#8221; global_colors_info=&#8221;{}&#8221; button_text_size__hover_enabled=&#8221;off&#8221; button_one_text_size__hover_enabled=&#8221;off&#8221; button_two_text_size__hover_enabled=&#8221;off&#8221; button_text_color__hover_enabled=&#8221;off&#8221; button_one_text_color__hover_enabled=&#8221;off&#8221; button_two_text_color__hover_enabled=&#8221;off&#8221; button_border_width__hover_enabled=&#8221;off&#8221; button_one_border_width__hover_enabled=&#8221;off&#8221; button_two_border_width__hover_enabled=&#8221;off&#8221; button_border_color__hover_enabled=&#8221;off&#8221; button_one_border_color__hover_enabled=&#8221;off&#8221; button_two_border_color__hover_enabled=&#8221;off&#8221; button_border_radius__hover_enabled=&#8221;off&#8221; button_one_border_radius__hover_enabled=&#8221;off&#8221; button_two_border_radius__hover_enabled=&#8221;off&#8221; button_letter_spacing__hover_enabled=&#8221;off&#8221; button_one_letter_spacing__hover_enabled=&#8221;off&#8221; button_two_letter_spacing__hover_enabled=&#8221;off&#8221; button_bg_color__hover_enabled=&#8221;off&#8221; button_one_bg_color__hover_enabled=&#8221;off&#8221; button_two_bg_color__hover_enabled=&#8221;off&#8221;][\/et_pb_contact_field][\/et_pb_contact_form][\/et_pb_column][\/et_pb_row][\/et_pb_section]<\/p>\n","protected":false},"excerpt":{"rendered":"<p>Formulario de cotizaci\u00f3n en l\u00ednea con los datos necesarios para procesar su solicitud. D\u00e9jenos sus datos a continuaci\u00f3n y le estaremos contactando muy pronto.<\/p>","protected":false},"author":1,"featured_media":0,"parent":0,"menu_order":0,"comment_status":"closed","ping_status":"closed","template":"","meta":{"_et_pb_use_builder":"on","_et_pb_old_content":"","_et_gb_content_width":"","footnotes":""},"class_list":["post-596","page","type-page","status-publish","hentry"],"_links":{"self":[{"href":"https:\/\/www.rainbowraingutters.net\/es\/wp-json\/wp\/v2\/pages\/596","targetHints":{"allow":["GET"]}}],"collection":[{"href":"https:\/\/www.rainbowraingutters.net\/es\/wp-json\/wp\/v2\/pages"}],"about":[{"href":"https:\/\/www.rainbowraingutters.net\/es\/wp-json\/wp\/v2\/types\/page"}],"author":[{"embeddable":true,"href":"https:\/\/www.rainbowraingutters.net\/es\/wp-json\/wp\/v2\/users\/1"}],"replies":[{"embeddable":true,"href":"https:\/\/www.rainbowraingutters.net\/es\/wp-json\/wp\/v2\/comments?post=596"}],"version-history":[{"count":31,"href":"https:\/\/www.rainbowraingutters.net\/es\/wp-json\/wp\/v2\/pages\/596\/revisions"}],"predecessor-version":[{"id":1837,"href":"https:\/\/www.rainbowraingutters.net\/es\/wp-json\/wp\/v2\/pages\/596\/revisions\/1837"}],"wp:attachment":[{"href":"https:\/\/www.rainbowraingutters.net\/es\/wp-json\/wp\/v2\/media?parent=596"}],"curies":[{"name":"wp","href":"https:\/\/api.w.org\/{rel}","templated":true}]}}